{"id":49535,"date":"2025-11-14T12:43:09","date_gmt":"2025-11-14T12:43:09","guid":{"rendered":"https:\/\/www.customarts.fr\/?post_type=product&#038;p=49535"},"modified":"2025-12-15T09:31:22","modified_gmt":"2025-12-15T09:31:22","slug":"esteban-resin-1-8-copie","status":"publish","type":"product","link":"https:\/\/www.customarts.fr\/en\/shop\/esteban-resin-1-8-copie\/","title":{"rendered":"Resin Zia 1\/8"},"content":{"rendered":"\t\t<div data-elementor-type=\"product-post\" data-elementor-id=\"49535\" class=\"elementor elementor-49535 elementor-49534\" data-elementor-post-type=\"product\">\n\t\t\t\t<div class=\"elementor-element elementor-element-24ec6934 e-flex e-con-boxed e-con e-parent\" data-id=\"24ec6934\" data-element_type=\"container\" data-e-type=\"container\">\n\t\t\t\t\t<div class=\"e-con-inner\">\n\t\t\t\t<div class=\"elementor-element elementor-element-2ac8d1ef elementor-widget elementor-widget-text-editor\" data-id=\"2ac8d1ef\" data-element_type=\"widget\" data-e-type=\"widget\" data-widget_type=\"text-editor.default\">\n\t\t\t\t\t\t\t\t\t<p class=\"p1\">The license for The Mysterious Cities of Gold was acquired by Custom Arts from AK Vid\u00e9o in 2007. It is a cult Franco-Japanese animated series, originally broadcast in the 1980s, which has marked several generations with its unique blend of adventure, mystery, and history.<\/p><p>Find Zia on her sun medallion-shaped base.<\/p><p class=\"p1\">We are putting up for sale the numbered units from 501 to 999, boxed with a certificate of authenticity, which we were unable to import in 2007 due to the lawsuit we had with Movies Plus \u2014 a case that we ultimately won.<\/p><p>Material: Resin<br>Limited edition: 999 pieces<br>Height: 19 cm<br>Weight: 0.300 kg<br>Packaging dimensions: 160 \u00d7 120 \u00d7 250 mm<br>Supplied with its base and certificate of authenticity<br>Release Date: June 31, 2007<br>License: AK Vid\u00e9o<\/p>\t\t\t\t\t\t\t\t<\/div>\n\t\t\t\t\t<\/div>\n\t\t\t\t<\/div>\n\t\t\t\t<\/div>\n\t\t","protected":false},"excerpt":{"rendered":"<p>The license for The Mysterious Cities of Gold was acquired by Custom Arts from AK Vid\u00e9o in 2007. It is a cult Franco-Japanese animated series, originally broadcast in the 1980s, which has marked several generations with its unique blend of adventure, mystery, and history. Find Zia on her sun medallion-shaped base. We are putting up&hellip;<\/p>\n","protected":false},"featured_media":49549,"comment_status":"open","ping_status":"closed","template":"","meta":[],"product_brand":[294],"product_cat":[288],"product_tag":[304,297],"class_list":{"0":"post-49535","1":"product","2":"type-product","3":"status-publish","4":"has-post-thumbnail","6":"product_brand-custom-arts","7":"product_cat-resin","8":"product_tag-resine-zia","9":"product_tag-the-mysterious-cities-of-gold","10":"product_shipping_class-light-resin","12":"first","13":"outofstock","14":"taxable","15":"shipping-taxable","16":"purchasable","17":"product-type-simple"},"yoast_head":"<!-- This site is optimized with the Yoast SEO plugin v27.3 - https:\/\/yoast.com\/product\/yoast-seo-wordpress\/ -->\n<title>Resin Zia 1\/8 - Custom Arts<\/title>\n<meta name=\"description\" content=\"Find Zia on her sun medallion-shaped base. Sold in a box with certificate, packaging reinforced with polystyrene.\" \/>\n<meta name=\"robots\" content=\"index, follow, max-snippet:-1, max-image-preview:large, max-video-preview:-1\" \/>\n<link rel=\"canonical\" href=\"https:\/\/www.customarts.fr\/en\/shop\/esteban-resin-1-8-copie\/\" \/>\n<meta property=\"og:locale\" content=\"en_US\" \/>\n<meta property=\"og:type\" content=\"article\" \/>\n<meta property=\"og:title\" content=\"Resin Zia 1\/8 - Custom Arts\" \/>\n<meta property=\"og:description\" content=\"Find Zia on her sun medallion-shaped base. Sold in a box with certificate, packaging reinforced with polystyrene.\" \/>\n<meta property=\"og:url\" content=\"https:\/\/www.customarts.fr\/en\/shop\/esteban-resin-1-8-copie\/\" \/>\n<meta property=\"og:site_name\" content=\"Custom Arts\" \/>\n<meta property=\"article:publisher\" content=\"https:\/\/www.facebook.com\/customartsfrance\/\" \/>\n<meta property=\"article:modified_time\" content=\"2025-12-15T09:31:22+00:00\" \/>\n<meta property=\"og:image\" content=\"https:\/\/www.customarts.fr\/wp-content\/uploads\/2025\/11\/ZIA_FarHD.2.134.png\" \/>\n\t<meta property=\"og:image:width\" content=\"1080\" \/>\n\t<meta property=\"og:image:height\" content=\"1922\" \/>\n\t<meta property=\"og:image:type\" content=\"image\/png\" \/>\n<meta name=\"twitter:card\" content=\"summary_large_image\" \/>\n<meta name=\"twitter:label1\" content=\"Est. reading time\" \/>\n\t<meta name=\"twitter:data1\" content=\"1 minute\" \/>\n<script type=\"application\/ld+json\" class=\"yoast-schema-graph\">{\"@context\":\"https:\\\/\\\/schema.org\",\"@graph\":[{\"@type\":\"WebPage\",\"@id\":\"https:\\\/\\\/www.customarts.fr\\\/en\\\/shop\\\/esteban-resin-1-8-copie\\\/\",\"url\":\"https:\\\/\\\/www.customarts.fr\\\/en\\\/shop\\\/esteban-resin-1-8-copie\\\/\",\"name\":\"Resin Zia 1\\\/8 - Custom Arts\",\"isPartOf\":{\"@id\":\"https:\\\/\\\/www.customarts.fr\\\/en\\\/#website\"},\"primaryImageOfPage\":{\"@id\":\"https:\\\/\\\/www.customarts.fr\\\/en\\\/shop\\\/esteban-resin-1-8-copie\\\/#primaryimage\"},\"image\":{\"@id\":\"https:\\\/\\\/www.customarts.fr\\\/en\\\/shop\\\/esteban-resin-1-8-copie\\\/#primaryimage\"},\"thumbnailUrl\":\"https:\\\/\\\/www.customarts.fr\\\/wp-content\\\/uploads\\\/2025\\\/11\\\/ZIA_FarHD.2.134.png\",\"datePublished\":\"2025-11-14T12:43:09+00:00\",\"dateModified\":\"2025-12-15T09:31:22+00:00\",\"description\":\"Find Zia on her sun medallion-shaped base. Sold in a box with certificate, packaging reinforced with polystyrene.\",\"breadcrumb\":{\"@id\":\"https:\\\/\\\/www.customarts.fr\\\/en\\\/shop\\\/esteban-resin-1-8-copie\\\/#breadcrumb\"},\"inLanguage\":\"en-US\",\"potentialAction\":[{\"@type\":\"ReadAction\",\"target\":[\"https:\\\/\\\/www.customarts.fr\\\/en\\\/shop\\\/esteban-resin-1-8-copie\\\/\"]}]},{\"@type\":\"ImageObject\",\"inLanguage\":\"en-US\",\"@id\":\"https:\\\/\\\/www.customarts.fr\\\/en\\\/shop\\\/esteban-resin-1-8-copie\\\/#primaryimage\",\"url\":\"https:\\\/\\\/www.customarts.fr\\\/wp-content\\\/uploads\\\/2025\\\/11\\\/ZIA_FarHD.2.134.png\",\"contentUrl\":\"https:\\\/\\\/www.customarts.fr\\\/wp-content\\\/uploads\\\/2025\\\/11\\\/ZIA_FarHD.2.134.png\",\"width\":1080,\"height\":1922},{\"@type\":\"BreadcrumbList\",\"@id\":\"https:\\\/\\\/www.customarts.fr\\\/en\\\/shop\\\/esteban-resin-1-8-copie\\\/#breadcrumb\",\"itemListElement\":[{\"@type\":\"ListItem\",\"position\":1,\"name\":\"Accueil\",\"item\":\"https:\\\/\\\/www.customarts.fr\\\/en\\\/home\\\/\"},{\"@type\":\"ListItem\",\"position\":2,\"name\":\"Shop\",\"item\":\"https:\\\/\\\/www.customarts.fr\\\/boutique\\\/\"},{\"@type\":\"ListItem\",\"position\":3,\"name\":\"Resin Zia 1\\\/8\"}]},{\"@type\":\"WebSite\",\"@id\":\"https:\\\/\\\/www.customarts.fr\\\/en\\\/#website\",\"url\":\"https:\\\/\\\/www.customarts.fr\\\/en\\\/\",\"name\":\"Custom Arts\",\"description\":\"Cr\u00e9ation et distribution de figurines de collection\",\"publisher\":{\"@id\":\"https:\\\/\\\/www.customarts.fr\\\/en\\\/#organization\"},\"potentialAction\":[{\"@type\":\"SearchAction\",\"target\":{\"@type\":\"EntryPoint\",\"urlTemplate\":\"https:\\\/\\\/www.customarts.fr\\\/en\\\/?s={search_term_string}\"},\"query-input\":{\"@type\":\"PropertyValueSpecification\",\"valueRequired\":true,\"valueName\":\"search_term_string\"}}],\"inLanguage\":\"en-US\"},{\"@type\":\"Organization\",\"@id\":\"https:\\\/\\\/www.customarts.fr\\\/en\\\/#organization\",\"name\":\"Custom Arts\",\"url\":\"https:\\\/\\\/www.customarts.fr\\\/en\\\/\",\"logo\":{\"@type\":\"ImageObject\",\"inLanguage\":\"en-US\",\"@id\":\"https:\\\/\\\/www.customarts.fr\\\/en\\\/#\\\/schema\\\/logo\\\/image\\\/\",\"url\":\"https:\\\/\\\/www.customarts.fr\\\/wp-content\\\/uploads\\\/2025\\\/08\\\/logocustomartssd-1.webp\",\"contentUrl\":\"https:\\\/\\\/www.customarts.fr\\\/wp-content\\\/uploads\\\/2025\\\/08\\\/logocustomartssd-1.webp\",\"width\":350,\"height\":119,\"caption\":\"Custom Arts\"},\"image\":{\"@id\":\"https:\\\/\\\/www.customarts.fr\\\/en\\\/#\\\/schema\\\/logo\\\/image\\\/\"},\"sameAs\":[\"https:\\\/\\\/www.facebook.com\\\/customartsfrance\\\/\"]}]}<\/script>\n<!-- \/ Yoast SEO plugin. -->","yoast_head_json":{"title":"Resin Zia 1\/8 - Custom Arts","description":"Find Zia on her sun medallion-shaped base. Sold in a box with certificate, packaging reinforced with polystyrene.","robots":{"index":"index","follow":"follow","max-snippet":"max-snippet:-1","max-image-preview":"max-image-preview:large","max-video-preview":"max-video-preview:-1"},"canonical":"https:\/\/www.customarts.fr\/en\/shop\/esteban-resin-1-8-copie\/","og_locale":"en_US","og_type":"article","og_title":"Resin Zia 1\/8 - Custom Arts","og_description":"Find Zia on her sun medallion-shaped base. Sold in a box with certificate, packaging reinforced with polystyrene.","og_url":"https:\/\/www.customarts.fr\/en\/shop\/esteban-resin-1-8-copie\/","og_site_name":"Custom Arts","article_publisher":"https:\/\/www.facebook.com\/customartsfrance\/","article_modified_time":"2025-12-15T09:31:22+00:00","og_image":[{"width":1080,"height":1922,"url":"https:\/\/www.customarts.fr\/wp-content\/uploads\/2025\/11\/ZIA_FarHD.2.134.png","type":"image\/png"}],"twitter_card":"summary_large_image","twitter_misc":{"Est. reading time":"1 minute"},"schema":{"@context":"https:\/\/schema.org","@graph":[{"@type":"WebPage","@id":"https:\/\/www.customarts.fr\/en\/shop\/esteban-resin-1-8-copie\/","url":"https:\/\/www.customarts.fr\/en\/shop\/esteban-resin-1-8-copie\/","name":"Resin Zia 1\/8 - Custom Arts","isPartOf":{"@id":"https:\/\/www.customarts.fr\/en\/#website"},"primaryImageOfPage":{"@id":"https:\/\/www.customarts.fr\/en\/shop\/esteban-resin-1-8-copie\/#primaryimage"},"image":{"@id":"https:\/\/www.customarts.fr\/en\/shop\/esteban-resin-1-8-copie\/#primaryimage"},"thumbnailUrl":"https:\/\/www.customarts.fr\/wp-content\/uploads\/2025\/11\/ZIA_FarHD.2.134.png","datePublished":"2025-11-14T12:43:09+00:00","dateModified":"2025-12-15T09:31:22+00:00","description":"Find Zia on her sun medallion-shaped base. Sold in a box with certificate, packaging reinforced with polystyrene.","breadcrumb":{"@id":"https:\/\/www.customarts.fr\/en\/shop\/esteban-resin-1-8-copie\/#breadcrumb"},"inLanguage":"en-US","potentialAction":[{"@type":"ReadAction","target":["https:\/\/www.customarts.fr\/en\/shop\/esteban-resin-1-8-copie\/"]}]},{"@type":"ImageObject","inLanguage":"en-US","@id":"https:\/\/www.customarts.fr\/en\/shop\/esteban-resin-1-8-copie\/#primaryimage","url":"https:\/\/www.customarts.fr\/wp-content\/uploads\/2025\/11\/ZIA_FarHD.2.134.png","contentUrl":"https:\/\/www.customarts.fr\/wp-content\/uploads\/2025\/11\/ZIA_FarHD.2.134.png","width":1080,"height":1922},{"@type":"BreadcrumbList","@id":"https:\/\/www.customarts.fr\/en\/shop\/esteban-resin-1-8-copie\/#breadcrumb","itemListElement":[{"@type":"ListItem","position":1,"name":"Accueil","item":"https:\/\/www.customarts.fr\/en\/home\/"},{"@type":"ListItem","position":2,"name":"Shop","item":"https:\/\/www.customarts.fr\/boutique\/"},{"@type":"ListItem","position":3,"name":"Resin Zia 1\/8"}]},{"@type":"WebSite","@id":"https:\/\/www.customarts.fr\/en\/#website","url":"https:\/\/www.customarts.fr\/en\/","name":"Custom Arts","description":"Cr\u00e9ation et distribution de figurines de collection","publisher":{"@id":"https:\/\/www.customarts.fr\/en\/#organization"},"potentialAction":[{"@type":"SearchAction","target":{"@type":"EntryPoint","urlTemplate":"https:\/\/www.customarts.fr\/en\/?s={search_term_string}"},"query-input":{"@type":"PropertyValueSpecification","valueRequired":true,"valueName":"search_term_string"}}],"inLanguage":"en-US"},{"@type":"Organization","@id":"https:\/\/www.customarts.fr\/en\/#organization","name":"Custom Arts","url":"https:\/\/www.customarts.fr\/en\/","logo":{"@type":"ImageObject","inLanguage":"en-US","@id":"https:\/\/www.customarts.fr\/en\/#\/schema\/logo\/image\/","url":"https:\/\/www.customarts.fr\/wp-content\/uploads\/2025\/08\/logocustomartssd-1.webp","contentUrl":"https:\/\/www.customarts.fr\/wp-content\/uploads\/2025\/08\/logocustomartssd-1.webp","width":350,"height":119,"caption":"Custom Arts"},"image":{"@id":"https:\/\/www.customarts.fr\/en\/#\/schema\/logo\/image\/"},"sameAs":["https:\/\/www.facebook.com\/customartsfrance\/"]}]}},"_links":{"self":[{"href":"https:\/\/www.customarts.fr\/en\/wp-json\/wp\/v2\/product\/49535","targetHints":{"allow":["GET"]}}],"collection":[{"href":"https:\/\/www.customarts.fr\/en\/wp-json\/wp\/v2\/product"}],"about":[{"href":"https:\/\/www.customarts.fr\/en\/wp-json\/wp\/v2\/types\/product"}],"replies":[{"embeddable":true,"href":"https:\/\/www.customarts.fr\/en\/wp-json\/wp\/v2\/comments?post=49535"}],"version-history":[{"count":3,"href":"https:\/\/www.customarts.fr\/en\/wp-json\/wp\/v2\/product\/49535\/revisions"}],"predecessor-version":[{"id":49616,"href":"https:\/\/www.customarts.fr\/en\/wp-json\/wp\/v2\/product\/49535\/revisions\/49616"}],"wp:featuredmedia":[{"embeddable":true,"href":"https:\/\/www.customarts.fr\/en\/wp-json\/wp\/v2\/media\/49549"}],"wp:attachment":[{"href":"https:\/\/www.customarts.fr\/en\/wp-json\/wp\/v2\/media?parent=49535"}],"wp:term":[{"taxonomy":"product_brand","embeddable":true,"href":"https:\/\/www.customarts.fr\/en\/wp-json\/wp\/v2\/product_brand?post=49535"},{"taxonomy":"product_cat","embeddable":true,"href":"https:\/\/www.customarts.fr\/en\/wp-json\/wp\/v2\/product_cat?post=49535"},{"taxonomy":"product_tag","embeddable":true,"href":"https:\/\/www.customarts.fr\/en\/wp-json\/wp\/v2\/product_tag?post=49535"}],"curies":[{"name":"wp","href":"https:\/\/api.w.org\/{rel}","templated":true}]}}